{"id":6160,"date":"2026-02-24T04:00:03","date_gmt":"2026-02-24T04:00:03","guid":{"rendered":"https:\/\/roxresort.com\/things-to-do\/"},"modified":"2026-02-24T06:14:06","modified_gmt":"2026-02-24T06:14:06","slug":"things-to-do","status":"publish","type":"page","link":"https:\/\/roxresort.com\/da\/things-to-do\/","title":{"rendered":"Things To Do"},"content":{"rendered":"<p><div class=\"fusion-fullwidth fullwidth-box fusion-builder-row-1 fusion-flex-container has-pattern-background has-mask-background fusion-parallax-none hundred-percent-fullwidth non-hundred-percent-height-scrolling\" style=\"--awb-background-position:center bottom;--awb-background-position-small:left center;--awb-border-radius-top-left:0px;--awb-border-radius-top-right:0px;--awb-border-radius-bottom-right:0px;--awb-border-radius-bottom-left:0px;--awb-padding-top-small:10vh;--awb-padding-right-small:3%;--awb-padding-bottom-small:10vh;--awb-padding-left-small:3%;--awb-min-height:85vh;--awb-min-height-small:90vh;--awb-background-image:linear-gradient(180deg, rgba(0,0,0,0.48) 0%,rgba(0,0,0,0.24) 100%),url(http:\/\/roxresort.com\/wp-content\/uploads\/2024\/12\/roxresort-elm-3.jpg);;--awb-background-size:cover;--awb-flex-wrap:wrap;\" ><div class=\"fusion-builder-row fusion-row fusion-flex-align-items-center fusion-flex-justify-content-center fusion-flex-content-wrap\" style=\"width:104% !important;max-width:104% !important;margin-left: calc(-4% \/ 2 );margin-right: calc(-4% \/ 2 );\"><div class=\"fusion-layout-column fusion_builder_column fusion-builder-column-0 fusion_builder_column_3_5 3_5 fusion-flex-column\" style=\"--awb-padding-right-small:15px;--awb-padding-left-small:15px;--awb-bg-size:cover;--awb-width-large:60%;--awb-margin-top-large:40px;--awb-spacing-right-large:3.2%;--awb-margin-bottom-large:20px;--awb-spacing-left-large:3.2%;--awb-width-medium:60%;--awb-order-medium:0;--awb-spacing-right-medium:3.2%;--awb-spacing-left-medium:3.2%;--awb-width-small:100%;--awb-order-small:0;--awb-spacing-right-small:1.92%;--awb-spacing-left-small:1.92%;\"><div class=\"fusion-column-wrapper fusion-column-has-shadow fusion-flex-justify-content-flex-start fusion-content-layout-column\"><div class=\"fusion-title title fusion-title-1 fusion-sep-none fusion-title-center fusion-title-text fusion-title-size-one rox-heading\" style=\"--awb-text-color:var(--awb-custom_color_1);\"><h1 class=\"fusion-title-heading title-heading-center fusion-responsive-typography-calculated\" style=\"margin:0;--fontSize:67.5;line-height:1;\">Things to do at Rox<\/h1><\/div><\/div><\/div><\/div><\/div><div class=\"fusion-fullwidth fullwidth-box fusion-builder-row-2 fusion-flex-container has-pattern-background has-mask-background nonhundred-percent-fullwidth non-hundred-percent-height-scrolling\" style=\"--awb-border-radius-top-left:0px;--awb-border-radius-top-right:0px;--awb-border-radius-bottom-right:0px;--awb-border-radius-bottom-left:0px;--awb-padding-top:60px;--awb-padding-right:40px;--awb-padding-bottom:0px;--awb-padding-left:40px;--awb-padding-top-small:25px;--awb-padding-right-small:25px;--awb-padding-left-small:25px;--awb-background-color:var(--awb-custom_color_1);--awb-flex-wrap:wrap;--awb-flex-wrap-small:nowrap;\" ><div class=\"fusion-builder-row fusion-row fusion-flex-align-items-flex-start fusion-flex-content-wrap\" style=\"max-width:99.84%;margin-left: calc(-4% \/ 2 );margin-right: calc(-4% \/ 2 );\"><div class=\"fusion-layout-column fusion_builder_column fusion-builder-column-1 fusion_builder_column_1_1 1_1 fusion-flex-column\" style=\"--awb-bg-size:cover;--awb-width-large:100%;--awb-margin-top-large:0px;--awb-spacing-right-large:1.92%;--awb-margin-bottom-large:30px;--awb-spacing-left-large:1.92%;--awb-width-medium:100%;--awb-order-medium:0;--awb-spacing-right-medium:1.92%;--awb-spacing-left-medium:1.92%;--awb-width-small:100%;--awb-order-small:0;--awb-spacing-right-small:1.92%;--awb-spacing-left-small:1.92%;\"><div class=\"fusion-column-wrapper fusion-column-has-shadow fusion-flex-justify-content-flex-start fusion-content-layout-column\"><div class=\"fusion-text fusion-text-1 label\" style=\"--awb-content-alignment:center;--awb-text-transform:uppercase;--awb-text-color:var(--awb-color1);\"><p>Your Stay. Your Way.<\/p>\n<\/div><div class=\"fusion-title title fusion-title-2 fusion-sep-none fusion-title-center fusion-title-text fusion-title-size-two\"><h2 class=\"fusion-title-heading title-heading-center fusion-responsive-typography-calculated\" style=\"margin:0;text-transform:none;--fontSize:45;line-height:1;\">Moments Worth Wandering For<\/h2><\/div><\/div><\/div><\/div><\/div><div class=\"fusion-fullwidth fullwidth-box fusion-builder-row-3 fusion-flex-container has-pattern-background has-mask-background nonhundred-percent-fullwidth non-hundred-percent-height-scrolling\" style=\"--awb-border-radius-top-left:0px;--awb-border-radius-top-right:0px;--awb-border-radius-bottom-right:0px;--awb-border-radius-bottom-left:0px;--awb-background-color:var(--awb-custom_color_1);--awb-flex-wrap:wrap;\" ><div class=\"fusion-builder-row fusion-row fusion-flex-align-items-flex-start fusion-flex-content-wrap\" style=\"max-width:99.84%;margin-left: calc(-4% \/ 2 );margin-right: calc(-4% \/ 2 );\"><div class=\"fusion-layout-column fusion_builder_column fusion-builder-column-2 fusion_builder_column_1_1 1_1 fusion-flex-column\" style=\"--awb-bg-size:cover;--awb-width-large:100%;--awb-margin-top-large:0px;--awb-spacing-right-large:1.92%;--awb-margin-bottom-large:20px;--awb-spacing-left-large:1.92%;--awb-width-medium:100%;--awb-order-medium:0;--awb-spacing-right-medium:1.92%;--awb-spacing-left-medium:1.92%;--awb-width-small:100%;--awb-order-small:0;--awb-spacing-right-small:1.92%;--awb-spacing-left-small:1.92%;\"><div class=\"fusion-column-wrapper fusion-column-has-shadow fusion-flex-justify-content-flex-start fusion-content-layout-column\">\t\t<div class=\"ttd-cards\" style=\"--ttd-columns: 2\">\n\t\t\t\t\t<article class=\"ttd-card\" data-ttd-preview='{&quot;title&quot;:&quot;Slow Down By The Pool&quot;,&quot;excerpt&quot;:&quot;Glid hen over det rolige vand langs K\\u00f8ge-kysten p\\u00e5 et [...]&quot;,&quot;image&quot;:&quot;https:\\\/\\\/roxresort.com\\\/wp-content\\\/uploads\\\/2026\\\/01\\\/Spa-view-1024x1024.webp&quot;,&quot;url&quot;:&quot;https:\\\/\\\/roxresort.com\\\/da\\\/things-to-do\\\/slow-down-by-the-pool\\\/&quot;,&quot;category&quot;:&quot;&quot;,&quot;price&quot;:&quot;&quot;,&quot;location&quot;:&quot;&quot;,&quot;duration&quot;:&quot;&quot;,&quot;bestTime&quot;:&quot;&quot;,&quot;bookingUrl&quot;:&quot;&quot;,&quot;bookingText&quot;:&quot;Learn More&quot;}'>\n\t\t\t\t\t\t\t<a href=\"https:\/\/roxresort.com\/da\/things-to-do\/slow-down-by-the-pool\/\" class=\"ttd-card__image-link\">\n\t\t\t\t\t<img decoding=\"async\" width=\"768\" height=\"768\" src=\"https:\/\/roxresort.com\/wp-content\/uploads\/2026\/01\/Spa-view-768x768.webp\" class=\"ttd-card__img wp-post-image\" alt=\"\" srcset=\"https:\/\/roxresort.com\/wp-content\/uploads\/2026\/01\/Spa-view-66x66.webp 66w, https:\/\/roxresort.com\/wp-content\/uploads\/2026\/01\/Spa-view-150x150.webp 150w, https:\/\/roxresort.com\/wp-content\/uploads\/2026\/01\/Spa-view-200x200.webp 200w, https:\/\/roxresort.com\/wp-content\/uploads\/2026\/01\/Spa-view-300x300.webp 300w, https:\/\/roxresort.com\/wp-content\/uploads\/2026\/01\/Spa-view-400x400.webp 400w, https:\/\/roxresort.com\/wp-content\/uploads\/2026\/01\/Spa-view-600x600.webp 600w, https:\/\/roxresort.com\/wp-content\/uploads\/2026\/01\/Spa-view-768x768.webp 768w, https:\/\/roxresort.com\/wp-content\/uploads\/2026\/01\/Spa-view-800x800.webp 800w, https:\/\/roxresort.com\/wp-content\/uploads\/2026\/01\/Spa-view-1024x1024.webp 1024w, https:\/\/roxresort.com\/wp-content\/uploads\/2026\/01\/Spa-view-1200x1200.webp 1200w, https:\/\/roxresort.com\/wp-content\/uploads\/2026\/01\/Spa-view-1536x1536.webp 1536w, https:\/\/roxresort.com\/wp-content\/uploads\/2026\/01\/Spa-view.webp 1920w\" sizes=\"(max-width: 768px) 100vw, 768px\" \/>\t\t\t\t<\/a>\n\t\t\t\t\t\t<div class=\"ttd-card__body\">\n\t\t\t\t<h3 class=\"ttd-card__title\">\n\t\t\t\t\t<a href=\"https:\/\/roxresort.com\/da\/things-to-do\/slow-down-by-the-pool\/\">Slow Down By The Pool<\/a>\n\t\t\t\t<\/h3>\n\t\t\t\t\t\t\t\t\t<div class=\"ttd-card__excerpt\">\n\t\t\t\t\t\t<p>Pool Club &amp; Spa er et fredeligt rooftop-retreat med opvarmede pools, udsigt over kysten og afslappende wellnessfaciliteter.<\/p>\n\t\t\t\t\t<\/div>\n\t\t\t\t\t\t\t\t<div class=\"ttd-card__actions\">\n\t\t\t\t\t<a href=\"https:\/\/roxresort.com\/da\/things-to-do\/slow-down-by-the-pool\/\" class=\"ttd-card__btn\">\n\t\t\t\t\t\tRead More\t\t\t\t\t<\/a>\n\t\t\t\t<\/div>\n\t\t\t<\/div>\n\t\t<\/article>\n\t\t\t\t<article class=\"ttd-card\" data-ttd-preview='{&quot;title&quot;:&quot;K\\u00f8ge\\u00a0Golf\\u00a0Club&quot;,&quot;excerpt&quot;:&quot;Banen er kendetegnet ved sit \\u00e5bne landskab, kystn\\u00e6re vinde samt [...]&quot;,&quot;image&quot;:&quot;https:\\\/\\\/roxresort.com\\\/wp-content\\\/uploads\\\/2026\\\/02\\\/GolfKoge-1024x576.webp&quot;,&quot;url&quot;:&quot;https:\\\/\\\/roxresort.com\\\/da\\\/things-to-do\\\/koge-golf-club\\\/&quot;,&quot;category&quot;:&quot;&quot;,&quot;price&quot;:&quot;&quot;,&quot;location&quot;:&quot;Gammel Hastrupvej 12, 4600 K\\u00f8ge, Denmark&quot;,&quot;duration&quot;:&quot;&quot;,&quot;bestTime&quot;:&quot;&quot;,&quot;bookingUrl&quot;:&quot;&quot;,&quot;bookingText&quot;:&quot;Learn More&quot;}'>\n\t\t\t\t\t\t\t<a href=\"https:\/\/roxresort.com\/da\/things-to-do\/koge-golf-club\/\" class=\"ttd-card__image-link\">\n\t\t\t\t\t<img decoding=\"async\" width=\"768\" height=\"432\" src=\"https:\/\/roxresort.com\/wp-content\/uploads\/2026\/02\/GolfKoge-768x432.webp\" class=\"ttd-card__img wp-post-image\" alt=\"Golf course at K\u00f8ge Golf Club near Rox Resort during sunset\" srcset=\"https:\/\/roxresort.com\/wp-content\/uploads\/2026\/02\/GolfKoge-200x113.webp 200w, https:\/\/roxresort.com\/wp-content\/uploads\/2026\/02\/GolfKoge-300x169.webp 300w, https:\/\/roxresort.com\/wp-content\/uploads\/2026\/02\/GolfKoge-400x225.webp 400w, https:\/\/roxresort.com\/wp-content\/uploads\/2026\/02\/GolfKoge-600x338.webp 600w, https:\/\/roxresort.com\/wp-content\/uploads\/2026\/02\/GolfKoge-768x432.webp 768w, https:\/\/roxresort.com\/wp-content\/uploads\/2026\/02\/GolfKoge-800x450.webp 800w, https:\/\/roxresort.com\/wp-content\/uploads\/2026\/02\/GolfKoge-1024x576.webp 1024w, https:\/\/roxresort.com\/wp-content\/uploads\/2026\/02\/GolfKoge-1200x675.webp 1200w, https:\/\/roxresort.com\/wp-content\/uploads\/2026\/02\/GolfKoge-1536x864.webp 1536w, https:\/\/roxresort.com\/wp-content\/uploads\/2026\/02\/GolfKoge.webp 1920w\" sizes=\"(max-width: 768px) 100vw, 768px\" \/>\t\t\t\t<\/a>\n\t\t\t\t\t\t<div class=\"ttd-card__body\">\n\t\t\t\t<h3 class=\"ttd-card__title\">\n\t\t\t\t\t<a href=\"https:\/\/roxresort.com\/da\/things-to-do\/koge-golf-club\/\">K\u00f8ge\u00a0Golf\u00a0Club<\/a>\n\t\t\t\t<\/h3>\n\t\t\t\t\t\t\t\t\t<div class=\"ttd-card__excerpt\">\n\t\t\t\t\t\t<p>K\u00f8ge Golf Klub er en natursk\u00f8n kystbane n\u00e6r K\u00f8benhavn, kendt for sit velplejede layout, udfordrende vindforhold og en im\u00f8dekommende atmosf\u00e6re for alle niveauer.<\/p>\n\t\t\t\t\t<\/div>\n\t\t\t\t\t\t\t\t<div class=\"ttd-card__actions\">\n\t\t\t\t\t<a href=\"https:\/\/roxresort.com\/da\/things-to-do\/koge-golf-club\/\" class=\"ttd-card__btn\">\n\t\t\t\t\t\tRead More\t\t\t\t\t<\/a>\n\t\t\t\t<\/div>\n\t\t\t<\/div>\n\t\t<\/article>\n\t\t\t\t<article class=\"ttd-card\" data-ttd-preview='{&quot;title&quot;:&quot;Viking Ship Museum&quot;,&quot;excerpt&quot;:&quot;For 1000 \\u00e5r siden sejlede vikingerne langs Europas kyster, op [...]&quot;,&quot;image&quot;:&quot;https:\\\/\\\/roxresort.com\\\/wp-content\\\/uploads\\\/2026\\\/02\\\/Vikingeskibs-1024x576.webp&quot;,&quot;url&quot;:&quot;https:\\\/\\\/roxresort.com\\\/da\\\/things-to-do\\\/viking-ship-museum\\\/&quot;,&quot;category&quot;:&quot;&quot;,&quot;price&quot;:&quot;&quot;,&quot;location&quot;:&quot;Vindeboder 12, 4000 Roskilde, Denmark&quot;,&quot;duration&quot;:&quot;&quot;,&quot;bestTime&quot;:&quot;&quot;,&quot;bookingUrl&quot;:&quot;&quot;,&quot;bookingText&quot;:&quot;Learn More&quot;}'>\n\t\t\t\t\t\t\t<a href=\"https:\/\/roxresort.com\/da\/things-to-do\/viking-ship-museum\/\" class=\"ttd-card__image-link\">\n\t\t\t\t\t<img decoding=\"async\" width=\"768\" height=\"432\" src=\"https:\/\/roxresort.com\/wp-content\/uploads\/2026\/02\/Vikingeskibs-768x432.webp\" class=\"ttd-card__img wp-post-image\" alt=\"Viking museum exhibition with ship model and historical displays near Rox Resort\" srcset=\"https:\/\/roxresort.com\/wp-content\/uploads\/2026\/02\/Vikingeskibs-200x113.webp 200w, https:\/\/roxresort.com\/wp-content\/uploads\/2026\/02\/Vikingeskibs-300x169.webp 300w, https:\/\/roxresort.com\/wp-content\/uploads\/2026\/02\/Vikingeskibs-400x225.webp 400w, https:\/\/roxresort.com\/wp-content\/uploads\/2026\/02\/Vikingeskibs-600x338.webp 600w, https:\/\/roxresort.com\/wp-content\/uploads\/2026\/02\/Vikingeskibs-768x432.webp 768w, https:\/\/roxresort.com\/wp-content\/uploads\/2026\/02\/Vikingeskibs-800x450.webp 800w, https:\/\/roxresort.com\/wp-content\/uploads\/2026\/02\/Vikingeskibs-1024x576.webp 1024w, https:\/\/roxresort.com\/wp-content\/uploads\/2026\/02\/Vikingeskibs-1200x675.webp 1200w, https:\/\/roxresort.com\/wp-content\/uploads\/2026\/02\/Vikingeskibs-1536x864.webp 1536w, https:\/\/roxresort.com\/wp-content\/uploads\/2026\/02\/Vikingeskibs.webp 1920w\" sizes=\"(max-width: 768px) 100vw, 768px\" \/>\t\t\t\t<\/a>\n\t\t\t\t\t\t<div class=\"ttd-card__body\">\n\t\t\t\t<h3 class=\"ttd-card__title\">\n\t\t\t\t\t<a href=\"https:\/\/roxresort.com\/da\/things-to-do\/viking-ship-museum\/\">Viking Ship Museum<\/a>\n\t\t\t\t<\/h3>\n\t\t\t\t\t\t\t\t\t<div class=\"ttd-card__excerpt\">\n\t\t\t\t\t\t<p>Vikingeskibsmuseet er bygget op omkring de fem originale vikingeskibe fra Skuldelev. De er en del af en global fort\u00e6lling om skibe, mennesker og genstande p\u00e5 rejse.<\/p>\n\t\t\t\t\t<\/div>\n\t\t\t\t\t\t\t\t<div class=\"ttd-card__actions\">\n\t\t\t\t\t<a href=\"https:\/\/roxresort.com\/da\/things-to-do\/viking-ship-museum\/\" class=\"ttd-card__btn\">\n\t\t\t\t\t\tRead More\t\t\t\t\t<\/a>\n\t\t\t\t<\/div>\n\t\t\t<\/div>\n\t\t<\/article>\n\t\t\t\t<article class=\"ttd-card\" data-ttd-preview='{&quot;title&quot;:&quot;Stevns Klint Unesco&quot;,&quot;excerpt&quot;:&quot;Denne 15 km lange kystklint giver et sj\\u00e6ldent og kraftfuldt [...]&quot;,&quot;image&quot;:&quot;https:\\\/\\\/roxresort.com\\\/wp-content\\\/uploads\\\/2026\\\/02\\\/Stevns-1024x576.webp&quot;,&quot;url&quot;:&quot;https:\\\/\\\/roxresort.com\\\/da\\\/things-to-do\\\/stevns-klint-unesco\\\/&quot;,&quot;category&quot;:&quot;&quot;,&quot;price&quot;:&quot;&quot;,&quot;location&quot;:&quot;Boesdalsvej 14, 4673 R\\u00f8dvig Stevns, Denmark&quot;,&quot;duration&quot;:&quot;&quot;,&quot;bestTime&quot;:&quot;&quot;,&quot;bookingUrl&quot;:&quot;&quot;,&quot;bookingText&quot;:&quot;Learn More&quot;}'>\n\t\t\t\t\t\t\t<a href=\"https:\/\/roxresort.com\/da\/things-to-do\/stevns-klint-unesco\/\" class=\"ttd-card__image-link\">\n\t\t\t\t\t<img decoding=\"async\" width=\"768\" height=\"432\" src=\"https:\/\/roxresort.com\/wp-content\/uploads\/2026\/02\/Stevns-768x432.webp\" class=\"ttd-card__img wp-post-image\" alt=\"Scenic coastal cliffs and beach near Rox Resort with walking guests\" srcset=\"https:\/\/roxresort.com\/wp-content\/uploads\/2026\/02\/Stevns-200x113.webp 200w, https:\/\/roxresort.com\/wp-content\/uploads\/2026\/02\/Stevns-300x169.webp 300w, https:\/\/roxresort.com\/wp-content\/uploads\/2026\/02\/Stevns-400x225.webp 400w, https:\/\/roxresort.com\/wp-content\/uploads\/2026\/02\/Stevns-600x338.webp 600w, https:\/\/roxresort.com\/wp-content\/uploads\/2026\/02\/Stevns-768x432.webp 768w, https:\/\/roxresort.com\/wp-content\/uploads\/2026\/02\/Stevns-800x450.webp 800w, https:\/\/roxresort.com\/wp-content\/uploads\/2026\/02\/Stevns-1024x576.webp 1024w, https:\/\/roxresort.com\/wp-content\/uploads\/2026\/02\/Stevns-1200x675.webp 1200w, https:\/\/roxresort.com\/wp-content\/uploads\/2026\/02\/Stevns-1536x864.webp 1536w, https:\/\/roxresort.com\/wp-content\/uploads\/2026\/02\/Stevns.webp 1920w\" sizes=\"(max-width: 768px) 100vw, 768px\" \/>\t\t\t\t<\/a>\n\t\t\t\t\t\t<div class=\"ttd-card__body\">\n\t\t\t\t<h3 class=\"ttd-card__title\">\n\t\t\t\t\t<a href=\"https:\/\/roxresort.com\/da\/things-to-do\/stevns-klint-unesco\/\">Stevns Klint Unesco<\/a>\n\t\t\t\t<\/h3>\n\t\t\t\t\t\t\t\t\t<div class=\"ttd-card__excerpt\">\n\t\t\t\t\t\t<p>En fossilrig kystklint, der bevarer spor af Chicxulub-meteoritnedslaget og masseudd\u00f8en, som udslettede mere end halvdelen af livet p\u00e5 Jorden.<\/p>\n\t\t\t\t\t<\/div>\n\t\t\t\t\t\t\t\t<div class=\"ttd-card__actions\">\n\t\t\t\t\t<a href=\"https:\/\/roxresort.com\/da\/things-to-do\/stevns-klint-unesco\/\" class=\"ttd-card__btn\">\n\t\t\t\t\t\tRead More\t\t\t\t\t<\/a>\n\t\t\t\t<\/div>\n\t\t\t<\/div>\n\t\t<\/article>\n\t\t\t\t<article class=\"ttd-card\" data-ttd-preview='{&quot;title&quot;:&quot;Padel at Rox&quot;,&quot;excerpt&quot;:&quot;Tr\\u00e6d ind p\\u00e5 banen og oplev udend\\u00f8rs padel hos Rox, [...]&quot;,&quot;image&quot;:&quot;https:\\\/\\\/roxresort.com\\\/wp-content\\\/uploads\\\/2026\\\/02\\\/Padel-1024x576.webp&quot;,&quot;url&quot;:&quot;https:\\\/\\\/roxresort.com\\\/da\\\/things-to-do\\\/padel-at-rox\\\/&quot;,&quot;category&quot;:&quot;&quot;,&quot;price&quot;:&quot;&quot;,&quot;location&quot;:&quot;&quot;,&quot;duration&quot;:&quot;&quot;,&quot;bestTime&quot;:&quot;&quot;,&quot;bookingUrl&quot;:&quot;&quot;,&quot;bookingText&quot;:&quot;Learn More&quot;}'>\n\t\t\t\t\t\t\t<a href=\"https:\/\/roxresort.com\/da\/things-to-do\/padel-at-rox\/\" class=\"ttd-card__image-link\">\n\t\t\t\t\t<img decoding=\"async\" width=\"768\" height=\"432\" src=\"https:\/\/roxresort.com\/wp-content\/uploads\/2026\/02\/Padel-768x432.webp\" class=\"ttd-card__img wp-post-image\" alt=\"Padel racket and tennis balls on a sunny outdoor court at Rox Resort\" srcset=\"https:\/\/roxresort.com\/wp-content\/uploads\/2026\/02\/Padel-200x113.webp 200w, https:\/\/roxresort.com\/wp-content\/uploads\/2026\/02\/Padel-300x169.webp 300w, https:\/\/roxresort.com\/wp-content\/uploads\/2026\/02\/Padel-400x225.webp 400w, https:\/\/roxresort.com\/wp-content\/uploads\/2026\/02\/Padel-600x338.webp 600w, https:\/\/roxresort.com\/wp-content\/uploads\/2026\/02\/Padel-768x432.webp 768w, https:\/\/roxresort.com\/wp-content\/uploads\/2026\/02\/Padel-800x450.webp 800w, https:\/\/roxresort.com\/wp-content\/uploads\/2026\/02\/Padel-1024x576.webp 1024w, https:\/\/roxresort.com\/wp-content\/uploads\/2026\/02\/Padel-1200x675.webp 1200w, https:\/\/roxresort.com\/wp-content\/uploads\/2026\/02\/Padel-1536x864.webp 1536w, https:\/\/roxresort.com\/wp-content\/uploads\/2026\/02\/Padel.webp 1920w\" sizes=\"(max-width: 768px) 100vw, 768px\" \/>\t\t\t\t<\/a>\n\t\t\t\t\t\t<div class=\"ttd-card__body\">\n\t\t\t\t<h3 class=\"ttd-card__title\">\n\t\t\t\t\t<a href=\"https:\/\/roxresort.com\/da\/things-to-do\/padel-at-rox\/\">Padel at Rox<\/a>\n\t\t\t\t<\/h3>\n\t\t\t\t\t\t\t\t\t<div class=\"ttd-card__excerpt\">\n\t\t\t\t\t\t<p>Nyd udend\u00f8rs padel hos Rox p\u00e5 to baner under \u00e5ben himmel, perfekt for alle niveauer og inkluderet i dit ophold.<\/p>\n\t\t\t\t\t<\/div>\n\t\t\t\t\t\t\t\t<div class=\"ttd-card__actions\">\n\t\t\t\t\t<a href=\"https:\/\/roxresort.com\/da\/things-to-do\/padel-at-rox\/\" class=\"ttd-card__btn\">\n\t\t\t\t\t\tRead More\t\t\t\t\t<\/a>\n\t\t\t\t<\/div>\n\t\t\t<\/div>\n\t\t<\/article>\n\t\t\t\t<\/div>\n\t\t<\/div><\/div><\/div><\/div><\/p>\n","protected":false},"excerpt":{"rendered":"","protected":false},"author":9,"featured_media":0,"parent":0,"menu_order":0,"comment_status":"closed","ping_status":"closed","template":"100-width.php","meta":{"footnotes":""},"class_list":["post-6160","page","type-page","status-publish","hentry"],"yoast_head":"<!-- This site is optimized with the Yoast SEO plugin v26.9 - https:\/\/yoast.com\/product\/yoast-seo-wordpress\/ -->\n<title>Things To Do - Rox Resort\u00a9 | K\u00f8ge, Copenhagen<\/title>\n<meta name=\"robots\" content=\"index, follow, max-snippet:-1, max-image-preview:large, max-video-preview:-1\" \/>\n<link rel=\"canonical\" href=\"https:\/\/roxresort.com\/da\/things-to-do\/\" \/>\n<meta property=\"og:locale\" content=\"da_DK\" \/>\n<meta property=\"og:type\" content=\"article\" \/>\n<meta property=\"og:title\" content=\"Things To Do - Rox Resort\u00a9 | K\u00f8ge, Copenhagen\" \/>\n<meta property=\"og:url\" content=\"https:\/\/roxresort.com\/da\/things-to-do\/\" \/>\n<meta property=\"og:site_name\" content=\"Rox Resort\u00a9 | K\u00f8ge, Copenhagen\" \/>\n<meta property=\"article:modified_time\" content=\"2026-02-24T06:14:06+00:00\" \/>\n<meta property=\"og:image\" content=\"https:\/\/roxresort.com\/wp-content\/uploads\/2024\/05\/og-image.jpg\" \/>\n\t<meta property=\"og:image:width\" content=\"1200\" \/>\n\t<meta property=\"og:image:height\" content=\"630\" \/>\n\t<meta property=\"og:image:type\" content=\"image\/jpeg\" \/>\n<meta name=\"twitter:card\" content=\"summary_large_image\" \/>\n<meta name=\"twitter:label1\" content=\"Estimeret l\u00e6setid\" \/>\n\t<meta name=\"twitter:data1\" content=\"1 minut\" \/>\n<script type=\"application\/ld+json\" class=\"yoast-schema-graph\">{\"@context\":\"https:\/\/schema.org\",\"@graph\":[{\"@type\":\"WebPage\",\"@id\":\"https:\/\/roxresort.com\/da\/things-to-do\/\",\"url\":\"https:\/\/roxresort.com\/da\/things-to-do\/\",\"name\":\"Things To Do - Rox Resort\u00a9 | K\u00f8ge, Copenhagen\",\"isPartOf\":{\"@id\":\"https:\/\/roxresort.com\/da\/#website\"},\"datePublished\":\"2026-02-24T04:00:03+00:00\",\"dateModified\":\"2026-02-24T06:14:06+00:00\",\"breadcrumb\":{\"@id\":\"https:\/\/roxresort.com\/da\/things-to-do\/#breadcrumb\"},\"inLanguage\":\"da-DK\",\"potentialAction\":[{\"@type\":\"ReadAction\",\"target\":[\"https:\/\/roxresort.com\/da\/things-to-do\/\"]}]},{\"@type\":\"BreadcrumbList\",\"@id\":\"https:\/\/roxresort.com\/da\/things-to-do\/#breadcrumb\",\"itemListElement\":[{\"@type\":\"ListItem\",\"position\":1,\"name\":\"Home\",\"item\":\"https:\/\/roxresort.com\/da\/\"},{\"@type\":\"ListItem\",\"position\":2,\"name\":\"Things To Do\"}]},{\"@type\":\"WebSite\",\"@id\":\"https:\/\/roxresort.com\/da\/#website\",\"url\":\"https:\/\/roxresort.com\/da\/\",\"name\":\"Rox Resort\u00a9 | K\u00f8ge, Copenhagen\",\"description\":\"\",\"potentialAction\":[{\"@type\":\"SearchAction\",\"target\":{\"@type\":\"EntryPoint\",\"urlTemplate\":\"https:\/\/roxresort.com\/da\/?s={search_term_string}\"},\"query-input\":{\"@type\":\"PropertyValueSpecification\",\"valueRequired\":true,\"valueName\":\"search_term_string\"}}],\"inLanguage\":\"da-DK\"}]}<\/script>\n<!-- \/ Yoast SEO plugin. -->","yoast_head_json":{"title":"Things To Do - Rox Resort\u00a9 | K\u00f8ge, Copenhagen","robots":{"index":"index","follow":"follow","max-snippet":"max-snippet:-1","max-image-preview":"max-image-preview:large","max-video-preview":"max-video-preview:-1"},"canonical":"https:\/\/roxresort.com\/da\/things-to-do\/","og_locale":"da_DK","og_type":"article","og_title":"Things To Do - Rox Resort\u00a9 | K\u00f8ge, Copenhagen","og_url":"https:\/\/roxresort.com\/da\/things-to-do\/","og_site_name":"Rox Resort\u00a9 | K\u00f8ge, Copenhagen","article_modified_time":"2026-02-24T06:14:06+00:00","og_image":[{"width":1200,"height":630,"url":"https:\/\/roxresort.com\/wp-content\/uploads\/2024\/05\/og-image.jpg","type":"image\/jpeg"}],"twitter_card":"summary_large_image","twitter_misc":{"Estimeret l\u00e6setid":"1 minut"},"schema":{"@context":"https:\/\/schema.org","@graph":[{"@type":"WebPage","@id":"https:\/\/roxresort.com\/da\/things-to-do\/","url":"https:\/\/roxresort.com\/da\/things-to-do\/","name":"Things To Do - Rox Resort\u00a9 | K\u00f8ge, Copenhagen","isPartOf":{"@id":"https:\/\/roxresort.com\/da\/#website"},"datePublished":"2026-02-24T04:00:03+00:00","dateModified":"2026-02-24T06:14:06+00:00","breadcrumb":{"@id":"https:\/\/roxresort.com\/da\/things-to-do\/#breadcrumb"},"inLanguage":"da-DK","potentialAction":[{"@type":"ReadAction","target":["https:\/\/roxresort.com\/da\/things-to-do\/"]}]},{"@type":"BreadcrumbList","@id":"https:\/\/roxresort.com\/da\/things-to-do\/#breadcrumb","itemListElement":[{"@type":"ListItem","position":1,"name":"Home","item":"https:\/\/roxresort.com\/da\/"},{"@type":"ListItem","position":2,"name":"Things To Do"}]},{"@type":"WebSite","@id":"https:\/\/roxresort.com\/da\/#website","url":"https:\/\/roxresort.com\/da\/","name":"Rox Resort\u00a9 | K\u00f8ge, Copenhagen","description":"","potentialAction":[{"@type":"SearchAction","target":{"@type":"EntryPoint","urlTemplate":"https:\/\/roxresort.com\/da\/?s={search_term_string}"},"query-input":{"@type":"PropertyValueSpecification","valueRequired":true,"valueName":"search_term_string"}}],"inLanguage":"da-DK"}]}},"_links":{"self":[{"href":"https:\/\/roxresort.com\/da\/wp-json\/wp\/v2\/pages\/6160","targetHints":{"allow":["GET"]}}],"collection":[{"href":"https:\/\/roxresort.com\/da\/wp-json\/wp\/v2\/pages"}],"about":[{"href":"https:\/\/roxresort.com\/da\/wp-json\/wp\/v2\/types\/page"}],"author":[{"embeddable":true,"href":"https:\/\/roxresort.com\/da\/wp-json\/wp\/v2\/users\/9"}],"replies":[{"embeddable":true,"href":"https:\/\/roxresort.com\/da\/wp-json\/wp\/v2\/comments?post=6160"}],"version-history":[{"count":2,"href":"https:\/\/roxresort.com\/da\/wp-json\/wp\/v2\/pages\/6160\/revisions"}],"predecessor-version":[{"id":6162,"href":"https:\/\/roxresort.com\/da\/wp-json\/wp\/v2\/pages\/6160\/revisions\/6162"}],"wp:attachment":[{"href":"https:\/\/roxresort.com\/da\/wp-json\/wp\/v2\/media?parent=6160"}],"curies":[{"name":"wp","href":"https:\/\/api.w.org\/{rel}","templated":true}]}}