{"id":3816,"date":"2025-06-27T11:58:48","date_gmt":"2025-06-27T11:58:48","guid":{"rendered":"https:\/\/roxresort.com\/about\/"},"modified":"2026-03-27T04:54:19","modified_gmt":"2026-03-27T04:54:19","slug":"om-rox","status":"publish","type":"page","link":"https:\/\/roxresort.com\/da\/om-rox\/","title":{"rendered":"Om Rox Resort"},"content":{"rendered":"<p><div class=\"fusion-fullwidth fullwidth-box fusion-builder-row-1 fusion-flex-container has-pattern-background has-mask-background fusion-parallax-none hundred-percent-fullwidth non-hundred-percent-height-scrolling\" style=\"--awb-background-position:center bottom;--awb-border-radius-top-left:0px;--awb-border-radius-top-right:0px;--awb-border-radius-bottom-right:0px;--awb-border-radius-bottom-left:0px;--awb-padding-top-small:10vh;--awb-padding-right-small:3%;--awb-padding-bottom-small:10vh;--awb-padding-left-small:3%;--awb-min-height:100vh;--awb-min-height-small:90vh;--awb-background-image:linear-gradient(180deg, rgba(0,0,0,0.48) 0%,rgba(0,0,0,0.24) 100%),url(http:\/\/roxresort.com\/wp-content\/uploads\/2025\/11\/rox-openingday-24.jpg);;--awb-background-size:cover;--awb-flex-wrap:wrap;\" ><div class=\"fusion-builder-row fusion-row fusion-flex-align-items-center fusion-flex-justify-content-center fusion-flex-content-wrap\" style=\"width:104% !important;max-width:104% !important;margin-left: calc(-4% \/ 2 );margin-right: calc(-4% \/ 2 );\"><div class=\"fusion-layout-column fusion_builder_column fusion-builder-column-0 fusion_builder_column_3_5 3_5 fusion-flex-column\" style=\"--awb-padding-right-small:15px;--awb-padding-left-small:15px;--awb-bg-size:cover;--awb-width-large:60%;--awb-margin-top-large:40px;--awb-spacing-right-large:3.2%;--awb-margin-bottom-large:20px;--awb-spacing-left-large:3.2%;--awb-width-medium:60%;--awb-order-medium:0;--awb-spacing-right-medium:3.2%;--awb-spacing-left-medium:3.2%;--awb-width-small:100%;--awb-order-small:0;--awb-spacing-right-small:1.92%;--awb-spacing-left-small:1.92%;\"><div class=\"fusion-column-wrapper fusion-column-has-shadow fusion-flex-justify-content-flex-start fusion-content-layout-column\"><div class=\"fusion-text fusion-text-1 fusion-text-no-margin label\" style=\"--awb-content-alignment:center;--awb-text-transform:uppercase;--awb-text-color:var(--awb-custom_color_1);--awb-margin-bottom:10px;\"><p>Rox Resort<\/p>\n<\/div><div class=\"fusion-title title fusion-title-1 fusion-sep-none fusion-title-center fusion-title-text fusion-title-size-one rox-heading\" style=\"--awb-text-color:var(--awb-custom_color_1);\"><h1 class=\"fusion-title-heading title-heading-center fusion-responsive-typography-calculated\" style=\"margin:0;--fontSize:67.5;line-height:1;\">About Rox<\/h1><\/div><\/div><\/div><\/div><\/div><div class=\"fusion-fullwidth fullwidth-box fusion-builder-row-2 fusion-flex-container has-pattern-background has-mask-background hundred-percent-fullwidth non-hundred-percent-height-scrolling\" style=\"--awb-background-repeat:repeat;--awb-border-radius-top-left:0px;--awb-border-radius-top-right:0px;--awb-border-radius-bottom-right:0px;--awb-border-radius-bottom-left:0px;--awb-padding-top:0px;--awb-padding-right:0px;--awb-padding-bottom:0px;--awb-padding-left:0px;--awb-min-height:75vh;--awb-flex-wrap:wrap;\" ><div class=\"fusion-builder-row fusion-row fusion-flex-align-items-center fusion-flex-justify-content-center fusion-flex-content-wrap\" style=\"width:calc( 100% + 0px ) !important;max-width:calc( 100% + 0px ) !important;margin-left: calc(-0px \/ 2 );margin-right: calc(-0px \/ 2 );\"><div class=\"fusion-layout-column fusion_builder_column fusion-builder-column-1 fusion_builder_column_1_2 1_2 fusion-flex-column fusion-flex-align-self-stretch fusion-no-small-visibility\" style=\"--awb-padding-top:60px;--awb-padding-right:60px;--awb-padding-bottom:60px;--awb-padding-left:60px;--awb-padding-top-small:20px;--awb-padding-right-small:20px;--awb-padding-bottom-small:20px;--awb-padding-left-small:20px;--awb-bg-color:var(--awb-custom_color_1);--awb-bg-color-hover:var(--awb-custom_color_1);--awb-bg-image:linear-gradient(180deg, rgba(254,247,230,0.8) 0%,rgba(254,247,230,0.8) 100%),url(http:\/\/roxresort.com\/wp-content\/uploads\/2025\/06\/Rox-Pattern.png);;--awb-bg-size:cover;--awb-transition:filter 300ms ease-in, transform 300ms ease-in, background-color 300ms ease-in, border-color 300ms ease-in;--awb-width-large:50%;--awb-margin-top-large:0px;--awb-spacing-right-large:0px;--awb-margin-bottom-large:0px;--awb-spacing-left-large:0px;--awb-width-medium:50%;--awb-order-medium:0;--awb-spacing-right-medium:0px;--awb-spacing-left-medium:0px;--awb-width-small:100%;--awb-order-small:0;--awb-spacing-right-small:0px;--awb-spacing-left-small:0px;\"><div class=\"fusion-column-wrapper fusion-column-has-shadow fusion-flex-justify-content-flex-start fusion-content-layout-column fusion-column-has-bg-image\" data-bg-url=\"http:\/\/roxresort.com\/wp-content\/uploads\/2025\/06\/Rox-Pattern.png\"><div class=\"background\" style=\"background-image: url('http:\/\/stg-roxresort-staging.kinsta.cloud\/wp-content\/uploads\/2025\/07\/CarlCEORox.jpg'); background-size: cover; background-position: center;\">\n<div class=\"logo\" role=\"img\" aria-label=\"Logotyp\"><\/div>\n    <div class=\"frame\"><\/div>\n\n  <\/div>\n<\/div><\/div><div class=\"fusion-layout-column fusion_builder_column fusion-builder-column-2 fusion_builder_column_1_2 1_2 fusion-flex-column fusion-flex-align-self-stretch\" style=\"--awb-padding-top:17%;--awb-padding-right:15%;--awb-padding-bottom:17%;--awb-padding-left:15%;--awb-padding-top-small:40px;--awb-padding-right-small:25px;--awb-padding-bottom-small:20px;--awb-padding-left-small:25px;--awb-bg-size:cover;--awb-width-large:50%;--awb-margin-top-large:0px;--awb-spacing-right-large:0px;--awb-margin-bottom-large:20px;--awb-spacing-left-large:0px;--awb-width-medium:50%;--awb-order-medium:0;--awb-spacing-right-medium:0px;--awb-spacing-left-medium:0px;--awb-width-small:100%;--awb-order-small:0;--awb-spacing-right-small:0px;--awb-spacing-left-small:0px;\"><div class=\"fusion-column-wrapper fusion-column-has-shadow fusion-flex-justify-content-center fusion-content-layout-column\"><div class=\"fusion-title title fusion-title-2 fusion-sep-none fusion-title-text fusion-title-size-two rox-heading\" style=\"--awb-text-color:var(--awb-color1);--awb-margin-bottom-small:0px;\"><h2 class=\"fusion-title-heading title-heading-left sm-text-align-center fusion-responsive-typography-calculated\" style=\"margin:0;text-transform:none;--fontSize:45;line-height:1;\">A Letter from Our Managing Director<\/h2><\/div><div class=\"fusion-title title fusion-title-3 fusion-sep-none fusion-title-text fusion-title-size-three\" style=\"--awb-text-color:var(--awb-color1);--awb-margin-bottom-small:25px;\"><h3 class=\"fusion-title-heading title-heading-left sm-text-align-center fusion-responsive-typography-calculated\" style=\"margin:0;text-transform:none;--fontSize:31.5;line-height:var(--awb-typography1-line-height);\"><em>Dear future guest,<br \/>\nWelcome to Rox Resort.<\/em><\/h3><\/div><div class=\"background mobile\" style=\"background-image: url('\/wp-content\/uploads\/2024\/12\/Rox-Resort-overview.jpg'); background-size: cover; background-position: center;\">\n<div class=\"logo\" role=\"img\" aria-label=\"Logotyp\"><\/div>\n    <div class=\"frame\"><\/div>\n<div class=\"text\"><em>Endless<\/em> Prestige<\/div>\n  <\/div>\n<div class=\"fusion-separator fusion-no-medium-visibility fusion-no-large-visibility fusion-full-width-sep\" style=\"align-self: center;margin-left: auto;margin-right: auto;margin-top:15px;width:100%;\"><\/div><div class=\"fusion-text fusion-text-2 sm-text-align-center\"><p>Endnu ikke fysisk \u2013 men i \u00e5nden. Det, at du l\u00e6ser dette, betyder, at du i det mindste er en smule nysgerrig. Og det er med rette. Rox er en dr\u00f8m, der er blevet til virkelighed \u2013 en dr\u00f8m om at skabe noget helt nyt i Danmark. Med en ambition om at v\u00e6re international med en lokal sj\u00e6l.<\/p>\n<p>Vi \u00f8nsker ikke blot at tilbyde dig et v\u00e6relse. Vi \u00f8nsker at give dig en grund til at vende tilbage. Rox ligger ved kysten lige uden for K\u00f8ge \u2013 en historisk og charmerende by med kun 30 minutter til hjertet af K\u00f8benhavn. Her m\u00f8des hav og arkitektur, hvor hovedstadens energi bl\u00f8des op af kystens ro.<\/p>\n<p>Du finder 156 n\u00f8je indrettede v\u00e6relser med egen balkon og en udsigt, der str\u00e6kker sig uendeligt ud over havet. P\u00e5 vores tagterrasse har vi bygget to pools, der ikke bare har udkig over vandet \u2013 men f\u00f8les som om de g\u00e5r i et med havet. Og i stueplan finder du endnu en pool, hvor du kan m\u00e6rke resortets puls. Spa. Sol. Sv\u00f8m. Gentag.\u00a0 Smagsoplevelser? Vi har skabt ikke bare \u00e9n, men to signaturrestauranter. Begge byder p\u00e5 udsigt til horisonten og afslappet luksus i absolut topklasse.<\/p>\n<\/div><\/div><\/div><\/div><\/div><div class=\"fusion-fullwidth fullwidth-box fusion-builder-row-3 fusion-flex-container has-pattern-background has-mask-background hundred-percent-fullwidth non-hundred-percent-height-scrolling\" style=\"--awb-background-repeat:repeat;--awb-border-radius-top-left:0px;--awb-border-radius-top-right:0px;--awb-border-radius-bottom-right:0px;--awb-border-radius-bottom-left:0px;--awb-padding-top:0px;--awb-padding-right:0px;--awb-padding-bottom:0px;--awb-padding-left:0px;--awb-padding-right-small:0px;--awb-padding-left-small:0px;--awb-min-height:75vh;--awb-flex-wrap:wrap;\" ><div class=\"fusion-builder-row fusion-row fusion-flex-align-items-center fusion-flex-justify-content-center fusion-flex-content-wrap\" style=\"width:calc( 100% + 0px ) !important;max-width:calc( 100% + 0px ) !important;margin-left: calc(-0px \/ 2 );margin-right: calc(-0px \/ 2 );\"><div class=\"fusion-layout-column fusion_builder_column fusion-builder-column-3 fusion_builder_column_1_2 1_2 fusion-flex-column fusion-flex-align-self-stretch\" style=\"--awb-padding-top:17%;--awb-padding-right:17%;--awb-padding-bottom:17%;--awb-padding-left:17%;--awb-padding-top-small:40px;--awb-padding-right-small:25px;--awb-padding-bottom-small:40px;--awb-padding-left-small:25px;--awb-bg-color:var(--awb-color8);--awb-bg-color-hover:var(--awb-color8);--awb-bg-size:cover;--awb-width-large:50%;--awb-margin-top-large:0px;--awb-spacing-right-large:0px;--awb-margin-bottom-large:0px;--awb-spacing-left-large:0px;--awb-width-medium:50%;--awb-order-medium:0;--awb-spacing-right-medium:0px;--awb-spacing-left-medium:0px;--awb-width-small:100%;--awb-order-small:2;--awb-spacing-right-small:0px;--awb-spacing-left-small:0px;\"><div class=\"fusion-column-wrapper fusion-column-has-shadow fusion-flex-justify-content-center fusion-content-layout-column\"><div class=\"fusion-title title fusion-title-4 fusion-sep-none fusion-title-text fusion-title-size-three\" style=\"--awb-text-color:var(--awb-custom_color_1);\"><h3 class=\"fusion-title-heading title-heading-left sm-text-align-center fusion-responsive-typography-calculated\" style=\"margin:0;text-transform:none;--fontSize:31.5;line-height:var(--awb-typography1-line-height);\"><em>Rox is more than design and details.<\/em><\/h3><\/div><div class=\"fusion-text fusion-text-3 sm-text-align-center\" style=\"--awb-text-color:var(--awb-custom_color_1);\"><p>Det er, hvordan du har det, n\u00e5r du er her. Det er latter over sene middage, cocktails i solnedgangen og morgenture langs stranden. Det er duften af salt, f\u00f8lelsen af k\u00f8lige stengulve under bare f\u00f8dder og lyden af stille musik fra terrassebaren. Jeg har haft privilegiet af at v\u00e6re en del af ESS Groups rejse siden starten \u2013 en rejse, der begyndte i 2007 med en vision om at g\u00f8re tingene anderledes. Fra Ystad Saltsj\u00f6bads historiske elegance til Ellery Beach Houses legende puls og senest Maryhill Estates raffinerede ambition \u2013 hver destination har l\u00e6rt os noget vigtigt, om hvordan man skaber steder, folk aldrig glemmer. Rox er en naturlig forts\u00e6ttelse af denne rejse.<\/p>\n<p>P\u00e5 mange m\u00e5der er det resultatet af alt, hvad vi har l\u00e6rt. Energien, de kreative id\u00e9er og passionen fra mange \u00e5rs arbejde med prisvindende resorts i bl.a. Sverige er nu kommet til live her, p\u00e5 denne strand i det smukke K\u00f8ge. Bor du i n\u00e6rheden, vil Rox blive dit yndlingssted at flygte til. Kommer du langvejs fra, s\u00f8rger vi for, at du f\u00f8ler, du er ankommet et sted, der virkelig forst\u00e5r dig. N\u00e5r du ankommer, s\u00e5 glem ikke at tage skoene af.<\/p>\n<p><strong>Varme hilsner,<\/strong><br \/>\nCarl Hegestad<br \/>\nManaging Director, Rox Resort<\/p>\n<\/div><\/div><\/div><div class=\"fusion-layout-column fusion_builder_column fusion-builder-column-4 fusion_builder_column_1_2 1_2 fusion-flex-column fusion-flex-align-self-stretch\" style=\"--awb-bg-color:var(--awb-custom_color_1);--awb-bg-color-hover:var(--awb-custom_color_1);--awb-bg-image:linear-gradient(180deg, rgba(0,0,0,0.25) 0%,rgba(0,0,0,0.25) 100%),url(http:\/\/roxresort.com\/wp-content\/uploads\/2025\/11\/rox-openingday-18.jpg);;--awb-bg-position:center center;--awb-bg-size:cover;--awb-width-large:50%;--awb-margin-top-large:0px;--awb-spacing-right-large:0px;--awb-margin-bottom-large:0px;--awb-spacing-left-large:0px;--awb-width-medium:50%;--awb-order-medium:0;--awb-spacing-right-medium:0px;--awb-spacing-left-medium:0px;--awb-width-small:100%;--awb-order-small:1;--awb-spacing-right-small:0px;--awb-spacing-left-small:0px;\" data-scroll-devices=\"small-visibility,medium-visibility,large-visibility\"><div class=\"fusion-column-wrapper fusion-column-has-shadow fusion-flex-justify-content-center fusion-content-layout-column fusion-empty-column-bg-image fusion-column-has-bg-image\" data-bg-url=\"http:\/\/roxresort.com\/wp-content\/uploads\/2025\/11\/rox-openingday-18.jpg\"><img decoding=\"async\" class=\"fusion-empty-dims-img-placeholder\" aria-label=\"rox-openingday-18\" src=\"data:image\/svg+xml,%3Csvg%20xmlns%3D%27http%3A%2F%2Fwww.w3.org%2F2000%2Fsvg%27%20width%3D%272100%27%20height%3D%271400%27%20viewBox%3D%270%200%202100%201400%27%3E%3Crect%20width%3D%272100%27%20height%3D%271400%27%20fill-opacity%3D%220%22%2F%3E%3C%2Fsvg%3E\"><\/div><\/div><\/div><\/div><\/p>\n","protected":false},"excerpt":{"rendered":"","protected":false},"author":1,"featured_media":0,"parent":0,"menu_order":0,"comment_status":"closed","ping_status":"closed","template":"100-width.php","meta":{"footnotes":""},"class_list":["post-3816","page","type-page","status-publish","hentry"],"yoast_head":"<!-- This site is optimized with the Yoast SEO plugin v26.9 - https:\/\/yoast.com\/product\/yoast-seo-wordpress\/ -->\n<title>Welcome to Rox Resort | Rox Resort\u00a9 | K\u00f8ge, Copenhagen<\/title>\n<meta name=\"description\" content=\"Rox is more than design and details. It\u2019s about how you feel when you\u2019re here.\" \/>\n<meta name=\"robots\" content=\"index, follow, max-snippet:-1, max-image-preview:large, max-video-preview:-1\" \/>\n<link rel=\"canonical\" href=\"https:\/\/roxresort.com\/da\/om-rox\/\" \/>\n<meta property=\"og:locale\" content=\"da_DK\" \/>\n<meta property=\"og:type\" content=\"article\" \/>\n<meta property=\"og:title\" content=\"Welcome to Rox Resort | Rox Resort\u00a9 | K\u00f8ge, Copenhagen\" \/>\n<meta property=\"og:description\" content=\"Rox is more than design and details. It\u2019s about how you feel when you\u2019re here.\" \/>\n<meta property=\"og:url\" content=\"https:\/\/roxresort.com\/da\/om-rox\/\" \/>\n<meta property=\"og:site_name\" content=\"Rox Resort\u00a9 | K\u00f8ge, Copenhagen\" \/>\n<meta property=\"article:modified_time\" content=\"2026-03-27T04:54:19+00:00\" \/>\n<meta property=\"og:image\" content=\"https:\/\/roxresort.com\/wp-content\/uploads\/2024\/05\/og-image.jpg\" \/>\n\t<meta property=\"og:image:width\" content=\"1200\" \/>\n\t<meta property=\"og:image:height\" content=\"630\" \/>\n\t<meta property=\"og:image:type\" content=\"image\/jpeg\" \/>\n<meta name=\"twitter:card\" content=\"summary_large_image\" \/>\n<meta name=\"twitter:label1\" content=\"Estimeret l\u00e6setid\" \/>\n\t<meta name=\"twitter:data1\" content=\"3 minutter\" \/>\n<script type=\"application\/ld+json\" class=\"yoast-schema-graph\">{\"@context\":\"https:\/\/schema.org\",\"@graph\":[{\"@type\":\"WebPage\",\"@id\":\"https:\/\/roxresort.com\/da\/om-rox\/\",\"url\":\"https:\/\/roxresort.com\/da\/om-rox\/\",\"name\":\"Welcome to Rox Resort | Rox Resort\u00a9 | K\u00f8ge, Copenhagen\",\"isPartOf\":{\"@id\":\"https:\/\/roxresort.com\/da\/#website\"},\"datePublished\":\"2025-06-27T11:58:48+00:00\",\"dateModified\":\"2026-03-27T04:54:19+00:00\",\"description\":\"Rox is more than design and details. It\u2019s about how you feel when you\u2019re here.\",\"breadcrumb\":{\"@id\":\"https:\/\/roxresort.com\/da\/om-rox\/#breadcrumb\"},\"inLanguage\":\"da-DK\",\"potentialAction\":[{\"@type\":\"ReadAction\",\"target\":[\"https:\/\/roxresort.com\/da\/om-rox\/\"]}]},{\"@type\":\"BreadcrumbList\",\"@id\":\"https:\/\/roxresort.com\/da\/om-rox\/#breadcrumb\",\"itemListElement\":[{\"@type\":\"ListItem\",\"position\":1,\"name\":\"Home\",\"item\":\"https:\/\/roxresort.com\/da\/\"},{\"@type\":\"ListItem\",\"position\":2,\"name\":\"Om Rox Resort\"}]},{\"@type\":\"WebSite\",\"@id\":\"https:\/\/roxresort.com\/da\/#website\",\"url\":\"https:\/\/roxresort.com\/da\/\",\"name\":\"Rox Resort\u00a9 | K\u00f8ge, Copenhagen\",\"description\":\"\",\"potentialAction\":[{\"@type\":\"SearchAction\",\"target\":{\"@type\":\"EntryPoint\",\"urlTemplate\":\"https:\/\/roxresort.com\/da\/?s={search_term_string}\"},\"query-input\":{\"@type\":\"PropertyValueSpecification\",\"valueRequired\":true,\"valueName\":\"search_term_string\"}}],\"inLanguage\":\"da-DK\"}]}<\/script>\n<!-- \/ Yoast SEO plugin. -->","yoast_head_json":{"title":"Welcome to Rox Resort | Rox Resort\u00a9 | K\u00f8ge, Copenhagen","description":"Rox is more than design and details. It\u2019s about how you feel when you\u2019re here.","robots":{"index":"index","follow":"follow","max-snippet":"max-snippet:-1","max-image-preview":"max-image-preview:large","max-video-preview":"max-video-preview:-1"},"canonical":"https:\/\/roxresort.com\/da\/om-rox\/","og_locale":"da_DK","og_type":"article","og_title":"Welcome to Rox Resort | Rox Resort\u00a9 | K\u00f8ge, Copenhagen","og_description":"Rox is more than design and details. It\u2019s about how you feel when you\u2019re here.","og_url":"https:\/\/roxresort.com\/da\/om-rox\/","og_site_name":"Rox Resort\u00a9 | K\u00f8ge, Copenhagen","article_modified_time":"2026-03-27T04:54:19+00:00","og_image":[{"width":1200,"height":630,"url":"https:\/\/roxresort.com\/wp-content\/uploads\/2024\/05\/og-image.jpg","type":"image\/jpeg"}],"twitter_card":"summary_large_image","twitter_misc":{"Estimeret l\u00e6setid":"3 minutter"},"schema":{"@context":"https:\/\/schema.org","@graph":[{"@type":"WebPage","@id":"https:\/\/roxresort.com\/da\/om-rox\/","url":"https:\/\/roxresort.com\/da\/om-rox\/","name":"Welcome to Rox Resort | Rox Resort\u00a9 | K\u00f8ge, Copenhagen","isPartOf":{"@id":"https:\/\/roxresort.com\/da\/#website"},"datePublished":"2025-06-27T11:58:48+00:00","dateModified":"2026-03-27T04:54:19+00:00","description":"Rox is more than design and details. It\u2019s about how you feel when you\u2019re here.","breadcrumb":{"@id":"https:\/\/roxresort.com\/da\/om-rox\/#breadcrumb"},"inLanguage":"da-DK","potentialAction":[{"@type":"ReadAction","target":["https:\/\/roxresort.com\/da\/om-rox\/"]}]},{"@type":"BreadcrumbList","@id":"https:\/\/roxresort.com\/da\/om-rox\/#breadcrumb","itemListElement":[{"@type":"ListItem","position":1,"name":"Home","item":"https:\/\/roxresort.com\/da\/"},{"@type":"ListItem","position":2,"name":"Om Rox Resort"}]},{"@type":"WebSite","@id":"https:\/\/roxresort.com\/da\/#website","url":"https:\/\/roxresort.com\/da\/","name":"Rox Resort\u00a9 | K\u00f8ge, Copenhagen","description":"","potentialAction":[{"@type":"SearchAction","target":{"@type":"EntryPoint","urlTemplate":"https:\/\/roxresort.com\/da\/?s={search_term_string}"},"query-input":{"@type":"PropertyValueSpecification","valueRequired":true,"valueName":"search_term_string"}}],"inLanguage":"da-DK"}]}},"_links":{"self":[{"href":"https:\/\/roxresort.com\/da\/wp-json\/wp\/v2\/pages\/3816","targetHints":{"allow":["GET"]}}],"collection":[{"href":"https:\/\/roxresort.com\/da\/wp-json\/wp\/v2\/pages"}],"about":[{"href":"https:\/\/roxresort.com\/da\/wp-json\/wp\/v2\/types\/page"}],"author":[{"embeddable":true,"href":"https:\/\/roxresort.com\/da\/wp-json\/wp\/v2\/users\/1"}],"replies":[{"embeddable":true,"href":"https:\/\/roxresort.com\/da\/wp-json\/wp\/v2\/comments?post=3816"}],"version-history":[{"count":8,"href":"https:\/\/roxresort.com\/da\/wp-json\/wp\/v2\/pages\/3816\/revisions"}],"predecessor-version":[{"id":6203,"href":"https:\/\/roxresort.com\/da\/wp-json\/wp\/v2\/pages\/3816\/revisions\/6203"}],"wp:attachment":[{"href":"https:\/\/roxresort.com\/da\/wp-json\/wp\/v2\/media?parent=3816"}],"curies":[{"name":"wp","href":"https:\/\/api.w.org\/{rel}","templated":true}]}}