{"id":1475,"date":"2024-11-25T08:57:50","date_gmt":"2024-11-25T08:57:50","guid":{"rendered":"https:\/\/roxresort.com\/contact\/"},"modified":"2026-03-04T12:02:13","modified_gmt":"2026-03-04T12:02:13","slug":"kontakt","status":"publish","type":"page","link":"https:\/\/roxresort.com\/da\/kontakt\/","title":{"rendered":"Kontakt Rox Resort | K\u00f8ge"},"content":{"rendered":"<p><div class=\"fusion-fullwidth fullwidth-box fusion-builder-row-1 fusion-flex-container has-pattern-background has-mask-background nonhundred-percent-fullwidth non-hundred-percent-height-scrolling\" style=\"--awb-background-repeat:repeat;--awb-border-radius-top-left:0px;--awb-border-radius-top-right:0px;--awb-border-radius-bottom-right:0px;--awb-border-radius-bottom-left:0px;--awb-padding-top:90px;--awb-min-height:90vh;--awb-background-color:#56211d;--awb-background-image:linear-gradient(180deg, #56211d 0%,var(--awb-color1) 100%);--awb-flex-wrap:wrap;\" ><div class=\"awb-background-pattern\" style=\"background-image:  url(http:\/\/roxresort.com\/wp-content\/uploads\/2025\/06\/Rox-Pattern.png);opacity: 0.14 ;mix-blend-mode:normal;\"><\/div><div class=\"fusion-builder-row fusion-row fusion-flex-align-items-center fusion-flex-align-content-center fusion-flex-justify-content-center fusion-flex-content-wrap\" style=\"max-width:calc( 96% + 0px );margin-left: calc(-0px \/ 2 );margin-right: calc(-0px \/ 2 );\"><div class=\"fusion-layout-column fusion_builder_column fusion-builder-column-0 fusion_builder_column_3_5 3_5 fusion-flex-column\" style=\"--awb-padding-top:27px;--awb-padding-right:27px;--awb-padding-bottom:27px;--awb-padding-left:27px;--awb-bg-color:#fef7e6;--awb-bg-color-hover:#fef7e6;--awb-bg-size:cover;--awb-width-large:60%;--awb-margin-top-large:40px;--awb-spacing-right-large:0px;--awb-margin-bottom-large:40px;--awb-spacing-left-large:0px;--awb-width-medium:60%;--awb-order-medium:0;--awb-spacing-right-medium:0px;--awb-spacing-left-medium:0px;--awb-width-small:100%;--awb-order-small:0;--awb-spacing-right-small:0px;--awb-spacing-left-small:0px;\"><div class=\"fusion-column-wrapper fusion-column-has-shadow fusion-flex-justify-content-flex-start fusion-content-layout-column\"><div id=\"imbox-form\" style=\"background-color: #fef7e6; padding: 20px; border-radius: 8px;\">\n\n<script src=\"https:\/\/detached-form.imbox.io\/prod\/api\/loader.js\"><\/script>\n\n<script type=\"text\/javascript\">\nvar imbox_formId = \"6928\"; \/\/ add formId\nvar imbox_widgetId = \"1107\"; \/\/ add widgetId\nfunction onImboxFormIframeAPIReady() {\n  var form = new Imbox.Form(\"imbox-form\", {\n    height: \"550\",\n    width: \"100%\",\n    formId: 6928,\n    widgetId: 1107,\n    dynamicHeight: false,\n    events: {\n      onSubmitChange: (event) => {\n        dataLayer.push({\n          'event': 'imbox_form_submission',\n          'imbox_formId': imbox_formId,\n          'imbox_widgetId': imbox_widgetId,\n          'data': event\n        })\n      },\n      onFetchingChange: (event) => {\n        console.log(event)\n      },\n      onError: (event) => {\n        console.log(event)\n      }\n    }\n  })\n}\n\nwindow.onload = onImboxFormIframeAPIReady\n<\/script>\n<\/div>\n<\/div><\/div><\/div><\/div><div class=\"fusion-fullwidth fullwidth-box fusion-builder-row-2 fusion-flex-container has-pattern-background has-mask-background nonhundred-percent-fullwidth non-hundred-percent-height-scrolling\" style=\"--awb-border-radius-top-left:0px;--awb-border-radius-top-right:0px;--awb-border-radius-bottom-right:0px;--awb-border-radius-bottom-left:0px;--awb-background-color:var(--awb-color1);--awb-flex-wrap:wrap;\" ><div class=\"fusion-builder-row fusion-row fusion-flex-align-items-center fusion-flex-justify-content-center fusion-flex-content-wrap\" style=\"max-width:99.84%;margin-left: calc(-4% \/ 2 );margin-right: calc(-4% \/ 2 );\"><div class=\"fusion-layout-column fusion_builder_column fusion-builder-column-1 fusion_builder_column_1_4 1_4 fusion-flex-column fusion-flex-align-self-stretch\" style=\"--awb-padding-top:15px;--awb-padding-right:15px;--awb-padding-bottom:15px;--awb-padding-left:15px;--awb-bg-color:var(--awb-custom_color_1);--awb-bg-color-hover:var(--awb-custom_color_1);--awb-bg-size:cover;--awb-width-large:25%;--awb-margin-top-large:0px;--awb-spacing-right-large:7.68%;--awb-margin-bottom-large:20px;--awb-spacing-left-large:7.68%;--awb-width-medium:25%;--awb-order-medium:0;--awb-spacing-right-medium:7.68%;--awb-spacing-left-medium:7.68%;--awb-width-small:100%;--awb-order-small:0;--awb-spacing-right-small:1.92%;--awb-spacing-left-small:1.92%;\"><div class=\"fusion-column-wrapper fusion-column-has-shadow fusion-flex-justify-content-flex-start fusion-content-layout-column\"><div class=\"fusion-title title fusion-title-1 fusion-sep-none fusion-title-center fusion-title-text fusion-title-size-two\" style=\"--awb-margin-top:35px;--awb-font-size:35px;\"><h2 class=\"fusion-title-heading title-heading-center fusion-responsive-typography-calculated\" style=\"margin:0;font-size:1em;--fontSize:35;line-height:1;\">Contact Us<\/h2><\/div><div class=\"fusion-text fusion-text-1\" style=\"--awb-content-alignment:center;\"><p><a href=\"tel:+4532268383\">+45 32 26 83 83<\/a><br \/><a title=\"mailto:reception@roxresort.dk\" href=\"mailto:reception@roxresort.dk\" target=\"_blank\" rel=\"noopener\">reception@roxresort.dk<\/a><\/p>\n<\/div><\/div><\/div><div class=\"fusion-layout-column fusion_builder_column fusion-builder-column-2 fusion_builder_column_1_4 1_4 fusion-flex-column\" style=\"--awb-padding-top:15px;--awb-padding-right:15px;--awb-padding-bottom:15px;--awb-padding-left:15px;--awb-bg-color:var(--awb-custom_color_1);--awb-bg-color-hover:var(--awb-custom_color_1);--awb-bg-size:cover;--awb-width-large:25%;--awb-margin-top-large:0px;--awb-spacing-right-large:7.68%;--awb-margin-bottom-large:20px;--awb-spacing-left-large:7.68%;--awb-width-medium:25%;--awb-order-medium:0;--awb-spacing-right-medium:7.68%;--awb-spacing-left-medium:7.68%;--awb-width-small:100%;--awb-order-small:0;--awb-spacing-right-small:1.92%;--awb-spacing-left-small:1.92%;\"><div class=\"fusion-column-wrapper fusion-column-has-shadow fusion-flex-justify-content-flex-start fusion-content-layout-column\"><div class=\"fusion-title title fusion-title-2 fusion-sep-none fusion-title-center fusion-title-text fusion-title-size-two\" style=\"--awb-margin-top:35px;--awb-font-size:35px;\"><h2 class=\"fusion-title-heading title-heading-center fusion-responsive-typography-calculated\" style=\"margin:0;font-size:1em;--fontSize:35;line-height:1;\">Work with us!<\/h2><\/div><div class=\"fusion-text fusion-text-2\" style=\"--awb-content-alignment:center;\"><p>Job opportunities at Rox Resort<\/p>\n<\/div><div style=\"text-align:center;\"><a class=\"fusion-button button-flat fusion-button-default-size button-default fusion-button-default button-1 fusion-button-default-span fusion-button-default-type\" style=\"--button-border-radius-top-left:0;--button-border-radius-top-right:0;--button-border-radius-bottom-right:0;--button-border-radius-bottom-left:0;--button_margin-bottom:15px;\" target=\"_self\" href=\"https:\/\/work.essgroup.se\/en\"><span class=\"fusion-button-text awb-button__text awb-button__text--default\">read more<\/span><\/a><\/div><\/div><\/div><div class=\"fusion-layout-column fusion_builder_column fusion-builder-column-3 fusion_builder_column_1_4 1_4 fusion-flex-column\" style=\"--awb-padding-top:15px;--awb-padding-right:15px;--awb-padding-bottom:15px;--awb-padding-left:15px;--awb-bg-color:var(--awb-custom_color_1);--awb-bg-color-hover:var(--awb-custom_color_1);--awb-bg-size:cover;--awb-width-large:25%;--awb-margin-top-large:0px;--awb-spacing-right-large:7.68%;--awb-margin-bottom-large:20px;--awb-spacing-left-large:7.68%;--awb-width-medium:25%;--awb-order-medium:0;--awb-spacing-right-medium:7.68%;--awb-spacing-left-medium:7.68%;--awb-width-small:100%;--awb-order-small:0;--awb-spacing-right-small:1.92%;--awb-spacing-left-small:1.92%;\"><div class=\"fusion-column-wrapper fusion-column-has-shadow fusion-flex-justify-content-flex-start fusion-content-layout-column\"><div class=\"fusion-title title fusion-title-3 fusion-sep-none fusion-title-center fusion-title-text fusion-title-size-two\" style=\"--awb-margin-top:35px;--awb-font-size:35px;\"><h2 class=\"fusion-title-heading title-heading-center fusion-responsive-typography-calculated\" style=\"margin:0;font-size:1em;--fontSize:35;line-height:1;\">Press<\/h2><\/div><div class=\"fusion-text fusion-text-3\" style=\"--awb-content-alignment:center;\"><p>Media &amp; infromation<\/p>\n<\/div><div style=\"text-align:center;\"><a class=\"fusion-button button-flat fusion-button-default-size button-default fusion-button-default button-2 fusion-button-default-span fusion-button-default-type\" style=\"--button-border-radius-top-left:0;--button-border-radius-top-right:0;--button-border-radius-bottom-right:0;--button-border-radius-bottom-left:0;--button_margin-bottom:15px;\" target=\"_self\" href=\"https:\/\/roxresort.com\/da\/press\/\"><span class=\"fusion-button-text awb-button__text awb-button__text--default\">DISCOVER <\/span><\/a><\/div><\/div><\/div><\/div><\/div><div class=\"fusion-fullwidth fullwidth-box fusion-builder-row-3 fusion-flex-container has-pattern-background has-mask-background nonhundred-percent-fullwidth non-hundred-percent-height-scrolling\" style=\"--awb-border-radius-top-left:0px;--awb-border-radius-top-right:0px;--awb-border-radius-bottom-right:0px;--awb-border-radius-bottom-left:0px;--awb-padding-top:0px;--awb-padding-bottom:66px;--awb-background-color:var(--awb-color1);--awb-flex-wrap:wrap;\" ><div class=\"fusion-builder-row fusion-row fusion-flex-align-items-flex-start fusion-flex-justify-content-center fusion-flex-content-wrap\" style=\"max-width:99.84%;margin-left: calc(-4% \/ 2 );margin-right: calc(-4% \/ 2 );\"><div class=\"fusion-layout-column fusion_builder_column fusion-builder-column-4 fusion_builder_column_1_4 1_4 fusion-flex-column\" style=\"--awb-padding-top:15px;--awb-padding-right:15px;--awb-padding-bottom:15px;--awb-padding-left:15px;--awb-bg-color:var(--awb-custom_color_1);--awb-bg-color-hover:var(--awb-custom_color_1);--awb-bg-size:cover;--awb-width-large:25%;--awb-margin-top-large:0px;--awb-spacing-right-large:7.68%;--awb-margin-bottom-large:20px;--awb-spacing-left-large:7.68%;--awb-width-medium:25%;--awb-order-medium:0;--awb-spacing-right-medium:7.68%;--awb-spacing-left-medium:7.68%;--awb-width-small:100%;--awb-order-small:0;--awb-spacing-right-small:1.92%;--awb-spacing-left-small:1.92%;\"><div class=\"fusion-column-wrapper fusion-column-has-shadow fusion-flex-justify-content-flex-start fusion-content-layout-column\"><div class=\"fusion-title title fusion-title-4 fusion-sep-none fusion-title-center fusion-title-text fusion-title-size-two\" style=\"--awb-margin-top:35px;--awb-font-size:35px;\"><h2 class=\"fusion-title-heading title-heading-center fusion-responsive-typography-calculated\" style=\"margin:0;font-size:1em;--fontSize:35;line-height:1;\">Lost &amp; Found<\/h2><\/div><div class=\"fusion-text fusion-text-4\" style=\"--awb-content-alignment:center;\"><p>Missing something?<\/p>\n<\/div><div style=\"text-align:center;\"><a class=\"fusion-button button-flat fusion-button-default-size button-default fusion-button-default button-3 fusion-button-default-span fusion-button-default-type\" style=\"--button-border-radius-top-left:0;--button-border-radius-top-right:0;--button-border-radius-bottom-right:0;--button-border-radius-bottom-left:0;--button_margin-bottom:15px;\" target=\"_self\" href=\"\/da\/lost-and-found\/\"><span class=\"fusion-button-text awb-button__text awb-button__text--default\">READ MORE<\/span><\/a><\/div><\/div><\/div><div class=\"fusion-layout-column fusion_builder_column fusion-builder-column-5 fusion_builder_column_1_4 1_4 fusion-flex-column\" style=\"--awb-padding-top:15px;--awb-padding-right:15px;--awb-padding-bottom:15px;--awb-padding-left:15px;--awb-bg-color:var(--awb-custom_color_1);--awb-bg-color-hover:var(--awb-custom_color_1);--awb-bg-size:cover;--awb-width-large:25%;--awb-margin-top-large:0px;--awb-spacing-right-large:7.68%;--awb-margin-bottom-large:20px;--awb-spacing-left-large:7.68%;--awb-width-medium:25%;--awb-order-medium:0;--awb-spacing-right-medium:7.68%;--awb-spacing-left-medium:7.68%;--awb-width-small:100%;--awb-order-small:0;--awb-spacing-right-small:1.92%;--awb-spacing-left-small:1.92%;\"><div class=\"fusion-column-wrapper fusion-column-has-shadow fusion-flex-justify-content-flex-start fusion-content-layout-column\"><div class=\"fusion-title title fusion-title-5 fusion-sep-none fusion-title-center fusion-title-text fusion-title-size-two\" style=\"--awb-margin-top:35px;--awb-font-size:35px;\"><h2 class=\"fusion-title-heading title-heading-center fusion-responsive-typography-calculated\" style=\"margin:0;font-size:1em;--fontSize:35;line-height:1;\">CEO<\/h2><\/div><div class=\"fusion-text fusion-text-5\" style=\"--awb-content-alignment:center;\"><p>  Carl Hegestad<br \/>\n  <a href=\"mailto:ch@roxresort.dk\">ch@roxresort.dk<\/a><br \/>\n  <a href=\"tel:+46702577481\">0702-577 481<\/a><\/p>\n<\/div><\/div><\/div><\/div><\/div><div class=\"fusion-fullwidth fullwidth-box fusion-builder-row-4 fusion-flex-container has-pattern-background has-mask-background nonhundred-percent-fullwidth non-hundred-percent-height-scrolling\" style=\"--awb-border-radius-top-left:0px;--awb-border-radius-top-right:0px;--awb-border-radius-bottom-right:0px;--awb-border-radius-bottom-left:0px;--awb-padding-top:0px;--awb-background-color:var(--awb-color1);--awb-flex-wrap:wrap;\" ><div class=\"fusion-builder-row fusion-row fusion-flex-align-items-flex-start fusion-flex-justify-content-center fusion-flex-content-wrap\" style=\"max-width:99.84%;margin-left: calc(-4% \/ 2 );margin-right: calc(-4% \/ 2 );\"><div class=\"fusion-layout-column fusion_builder_column fusion-builder-column-6 fusion_builder_column_1_1 1_1 fusion-flex-column\" style=\"--awb-bg-size:cover;--awb-width-large:100%;--awb-margin-top-large:0px;--awb-spacing-right-large:1.92%;--awb-margin-bottom-large:20px;--awb-spacing-left-large:1.92%;--awb-width-medium:100%;--awb-order-medium:0;--awb-spacing-right-medium:1.92%;--awb-spacing-left-medium:1.92%;--awb-width-small:100%;--awb-order-small:0;--awb-spacing-right-small:1.92%;--awb-spacing-left-small:1.92%;\"><div class=\"fusion-column-wrapper fusion-column-has-shadow fusion-flex-justify-content-flex-start fusion-content-layout-column\"><div class=\"fusion-text fusion-text-6\" style=\"--awb-content-alignment:center;\"><p><span style=\"color: var(--awb-custom_color_1);\">Something you want to report?<\/span><a href=\"https:\/\/www.essgroup.se\/visselblasning\/\" target=\"_blank\" rel=\"noopener noreferrer\"><span style=\"color: var(--awb-custom_color_1);\"><br \/><u>Whistleblowing at Rox Resort<\/u><\/span><br \/><\/a><\/p>\n<\/div><\/div><\/div><\/div><\/div><div id=\"find\" class=\"fusion-container-anchor\"><div class=\"fusion-fullwidth fullwidth-box fusion-builder-row-5 fusion-flex-container video-background has-pattern-background has-mask-background nonhundred-percent-fullwidth non-hundred-percent-height-scrolling\" style=\"--awb-background-repeat:repeat;--awb-border-radius-top-left:0px;--awb-border-radius-top-right:0px;--awb-border-radius-bottom-right:0px;--awb-border-radius-bottom-left:0px;--awb-padding-right:0px;--awb-padding-bottom:0px;--awb-padding-left:0px;--awb-background-image:linear-gradient(180deg, rgba(114,133,138,0.78) 0%,rgba(114,133,138,0.78) 100%),url(http:\/\/roxresort.com\/wp-content\/uploads\/2024\/05\/RoxResort_Ocan.jpg);;--awb-flex-wrap:wrap;\" ><div class=\"fullwidth-video\"><video preload=\"auto\" autoplay playsinline loop muted><source src=\"https:\/\/player.vimeo.com\/progressive_redirect\/playback\/1067644973\/rendition\/540p\/file.mp4?loc=external&amp;signature=2ba2a5df7adafe13543e4fd022fef2bbb85d2e340aa42a9e58a82a07ff0d1e9b\" type=\"video\/mp4\"><\/video><\/div><div class=\"fullwidth-overlay\" style=\"background-image: linear-gradient(180deg, rgba(114,133,138,0.78) 0%,rgba(114,133,138,0.78) 100%);\"><\/div><div class=\"fusion-builder-row fusion-row fusion-flex-align-items-center fusion-flex-justify-content-center fusion-flex-content-wrap\" style=\"max-width:calc( 96% + 0px );margin-left: calc(-0px \/ 2 );margin-right: calc(-0px \/ 2 );\"><div class=\"fusion-layout-column fusion_builder_column fusion-builder-column-7 fusion_builder_column_1_2 1_2 fusion-flex-column fusion-flex-align-self-stretch\" style=\"--awb-padding-top:40px;--awb-padding-right:40px;--awb-padding-bottom:40px;--awb-padding-left:40px;--awb-padding-top-small:20px;--awb-padding-right-small:10px;--awb-padding-bottom-small:20px;--awb-padding-left-small:10px;--awb-bg-size:cover;--awb-width-large:50%;--awb-margin-top-large:0px;--awb-spacing-right-large:0px;--awb-margin-bottom-large:0px;--awb-spacing-left-large:0px;--awb-width-medium:50%;--awb-order-medium:0;--awb-spacing-right-medium:0px;--awb-spacing-left-medium:0px;--awb-width-small:100%;--awb-order-small:1;--awb-spacing-right-small:0px;--awb-spacing-left-small:0px;\"><div class=\"fusion-column-wrapper fusion-column-has-shadow fusion-flex-justify-content-center fusion-content-layout-column\"><div class=\"background\" style=\"background-image: url('\/wp-content\/uploads\/2025\/06\/rox-maplocation.jpg'); background-size: cover; background-position: center;\">\n    <div class=\"frame\"><\/div>\n<div class=\"text\"><em>True<\/em> Getaway<\/div>\n  <\/div>\n\n<\/div><\/div><div class=\"fusion-layout-column fusion_builder_column fusion-builder-column-8 fusion_builder_column_1_2 1_2 fusion-flex-column fusion-flex-align-self-stretch\" style=\"--awb-padding-top:17%;--awb-padding-right:10%;--awb-padding-bottom:17%;--awb-padding-left:10%;--awb-padding-top-small:20px;--awb-padding-right-small:25px;--awb-padding-bottom-small:20px;--awb-padding-left-small:25px;--awb-bg-size:cover;--awb-width-large:50%;--awb-margin-top-large:0px;--awb-spacing-right-large:0px;--awb-margin-bottom-large:0px;--awb-spacing-left-large:0px;--awb-width-medium:50%;--awb-order-medium:0;--awb-spacing-right-medium:0px;--awb-spacing-left-medium:0px;--awb-width-small:100%;--awb-order-small:2;--awb-spacing-right-small:0px;--awb-spacing-left-small:0px;\"><div class=\"fusion-column-wrapper fusion-column-has-shadow fusion-flex-justify-content-center fusion-content-layout-column\"><div class=\"fusion-menu-anchor\" id=\"map\"><\/div><div class=\"fusion-text fusion-text-7 sm-text-align-center label\" style=\"--awb-content-alignment:left;--awb-text-transform:uppercase;--awb-text-color:var(--awb-custom_color_1);\"><p>Closer than you think<\/p>\n<\/div><div class=\"fusion-title title fusion-title-6 fusion-sep-none fusion-title-text fusion-title-size-two rox-heading\" style=\"--awb-text-color:var(--awb-custom_color_1);--awb-margin-bottom:30px;\"><h2 class=\"fusion-title-heading title-heading-left sm-text-align-center fusion-responsive-typography-calculated\" style=\"margin:0;text-transform:none;--fontSize:45;line-height:1;\">Where To Find Us<\/h2><\/div><div class=\"fusion-text fusion-text-8 sm-text-align-center\" style=\"--awb-text-color:var(--awb-custom_color_2);\"><p>Rox ligger i K\u00f8ge p\u00e5 Sj\u00e6lland, 30 minutter fra K\u00f8benhavn.<\/p>\n<p>Adresse: Nordstranden 10, 4600 K\u00f8ge, Danmark.<\/p>\n<\/div><div class=\"fusion-counters-box counters-box row fusion-clearfix fusion-columns-4 rox-counter\" style=\"--awb-margin-right:0px;--awb-margin-left:0px;--awb-body-color:var(--awb-custom_color_1);--awb-body-size:13;--awb-border-color:rgba(229,229,229,0);--awb-color:var(--awb-custom_color_1);--awb-title-size:45;--awb-border-color:rgba(229,229,229,0);\"><div class=\"fusion-counter-box fusion-column col-counter-box counter-box-wrapper col-lg-3 col-md-3 col-sm-3 fusion-counter-box-icon-top\" data-animationOffset=\"top-into-view\"><div class=\"counter-box-container\"><div class=\"content-box-percentage content-box-counter\"><span class=\"display-counter\" data-value=\"35\" data-direction=\"up\" data-decimals=\"0\">0<\/span><span class=\"unit\">min<\/span><\/div><div class=\"counter-box-content\">K\u00f8benhavn<\/div><\/div><\/div><div class=\"fusion-counter-box fusion-column col-counter-box counter-box-wrapper col-lg-3 col-md-3 col-sm-3 fusion-counter-box-icon-top\" data-animationOffset=\"top-into-view\"><div class=\"counter-box-container\"><div class=\"content-box-percentage content-box-counter\"><span class=\"display-counter\" data-value=\"1.5\" data-direction=\"up\" data-decimals=\"1\">0<\/span><span class=\"unit\">h<\/span><\/div><div class=\"counter-box-content\">London<\/div><\/div><\/div><div class=\"fusion-counter-box fusion-column col-counter-box counter-box-wrapper col-lg-3 col-md-3 col-sm-3 fusion-counter-box-icon-top\" data-animationOffset=\"top-into-view\"><div class=\"counter-box-container\"><div class=\"content-box-percentage content-box-counter\"><span class=\"display-counter\" data-value=\"7\" data-direction=\"up\" data-decimals=\"0\">0<\/span><span class=\"unit\">h<\/span><\/div><div class=\"counter-box-content\">New York<\/div><\/div><\/div><div class=\"fusion-counter-box fusion-column col-counter-box counter-box-wrapper col-lg-3 col-md-3 col-sm-3 fusion-counter-box-icon-top\" data-animationOffset=\"top-into-view\"><div class=\"counter-box-container\"><div class=\"content-box-percentage content-box-counter\"><span class=\"display-counter\" data-value=\"10\" data-direction=\"up\" data-decimals=\"0\">0<\/span><span class=\"unit\">h<\/span><\/div><div class=\"counter-box-content\">Miami <\/div><\/div><\/div><\/div><\/div><\/div><\/div><\/div><\/div><\/p>\n","protected":false},"excerpt":{"rendered":"","protected":false},"author":1,"featured_media":0,"parent":0,"menu_order":0,"comment_status":"closed","ping_status":"closed","template":"100-width.php","meta":{"footnotes":""},"class_list":["post-1475","page","type-page","status-publish","hentry"],"yoast_head":"<!-- This site is optimized with the Yoast SEO plugin v26.9 - https:\/\/yoast.com\/product\/yoast-seo-wordpress\/ -->\n<title>Kontakt Rox Resort | K\u00f8ge - Rox Resort\u00a9 | K\u00f8ge, Copenhagen<\/title>\n<meta name=\"robots\" content=\"index, follow, max-snippet:-1, max-image-preview:large, max-video-preview:-1\" \/>\n<link rel=\"canonical\" href=\"https:\/\/roxresort.com\/da\/kontakt\/\" \/>\n<meta property=\"og:locale\" content=\"da_DK\" \/>\n<meta property=\"og:type\" content=\"article\" \/>\n<meta property=\"og:title\" content=\"Kontakt Rox Resort | K\u00f8ge - Rox Resort\u00a9 | K\u00f8ge, Copenhagen\" \/>\n<meta property=\"og:url\" content=\"https:\/\/roxresort.com\/da\/kontakt\/\" \/>\n<meta property=\"og:site_name\" content=\"Rox Resort\u00a9 | K\u00f8ge, Copenhagen\" \/>\n<meta property=\"article:modified_time\" content=\"2026-03-04T12:02:13+00:00\" \/>\n<meta property=\"og:image\" content=\"https:\/\/roxresort.com\/wp-content\/uploads\/2024\/05\/og-image.jpg\" \/>\n\t<meta property=\"og:image:width\" content=\"1200\" \/>\n\t<meta property=\"og:image:height\" content=\"630\" \/>\n\t<meta property=\"og:image:type\" content=\"image\/jpeg\" \/>\n<meta name=\"twitter:card\" content=\"summary_large_image\" \/>\n<meta name=\"twitter:label1\" content=\"Estimeret l\u00e6setid\" \/>\n\t<meta name=\"twitter:data1\" content=\"1 minut\" \/>\n<script type=\"application\/ld+json\" class=\"yoast-schema-graph\">{\"@context\":\"https:\/\/schema.org\",\"@graph\":[{\"@type\":\"WebPage\",\"@id\":\"https:\/\/roxresort.com\/da\/kontakt\/\",\"url\":\"https:\/\/roxresort.com\/da\/kontakt\/\",\"name\":\"Kontakt Rox Resort | K\u00f8ge - Rox Resort\u00a9 | K\u00f8ge, Copenhagen\",\"isPartOf\":{\"@id\":\"https:\/\/roxresort.com\/da\/#website\"},\"datePublished\":\"2024-11-25T08:57:50+00:00\",\"dateModified\":\"2026-03-04T12:02:13+00:00\",\"breadcrumb\":{\"@id\":\"https:\/\/roxresort.com\/da\/kontakt\/#breadcrumb\"},\"inLanguage\":\"da-DK\",\"potentialAction\":[{\"@type\":\"ReadAction\",\"target\":[\"https:\/\/roxresort.com\/da\/kontakt\/\"]}]},{\"@type\":\"BreadcrumbList\",\"@id\":\"https:\/\/roxresort.com\/da\/kontakt\/#breadcrumb\",\"itemListElement\":[{\"@type\":\"ListItem\",\"position\":1,\"name\":\"Home\",\"item\":\"https:\/\/roxresort.com\/da\/\"},{\"@type\":\"ListItem\",\"position\":2,\"name\":\"Kontakt Rox Resort | K\u00f8ge\"}]},{\"@type\":\"WebSite\",\"@id\":\"https:\/\/roxresort.com\/da\/#website\",\"url\":\"https:\/\/roxresort.com\/da\/\",\"name\":\"Rox Resort\u00a9 | K\u00f8ge, Copenhagen\",\"description\":\"\",\"potentialAction\":[{\"@type\":\"SearchAction\",\"target\":{\"@type\":\"EntryPoint\",\"urlTemplate\":\"https:\/\/roxresort.com\/da\/?s={search_term_string}\"},\"query-input\":{\"@type\":\"PropertyValueSpecification\",\"valueRequired\":true,\"valueName\":\"search_term_string\"}}],\"inLanguage\":\"da-DK\"}]}<\/script>\n<!-- \/ Yoast SEO plugin. -->","yoast_head_json":{"title":"Kontakt Rox Resort | K\u00f8ge - Rox Resort\u00a9 | K\u00f8ge, Copenhagen","robots":{"index":"index","follow":"follow","max-snippet":"max-snippet:-1","max-image-preview":"max-image-preview:large","max-video-preview":"max-video-preview:-1"},"canonical":"https:\/\/roxresort.com\/da\/kontakt\/","og_locale":"da_DK","og_type":"article","og_title":"Kontakt Rox Resort | K\u00f8ge - Rox Resort\u00a9 | K\u00f8ge, Copenhagen","og_url":"https:\/\/roxresort.com\/da\/kontakt\/","og_site_name":"Rox Resort\u00a9 | K\u00f8ge, Copenhagen","article_modified_time":"2026-03-04T12:02:13+00:00","og_image":[{"width":1200,"height":630,"url":"https:\/\/roxresort.com\/wp-content\/uploads\/2024\/05\/og-image.jpg","type":"image\/jpeg"}],"twitter_card":"summary_large_image","twitter_misc":{"Estimeret l\u00e6setid":"1 minut"},"schema":{"@context":"https:\/\/schema.org","@graph":[{"@type":"WebPage","@id":"https:\/\/roxresort.com\/da\/kontakt\/","url":"https:\/\/roxresort.com\/da\/kontakt\/","name":"Kontakt Rox Resort | K\u00f8ge - Rox Resort\u00a9 | K\u00f8ge, Copenhagen","isPartOf":{"@id":"https:\/\/roxresort.com\/da\/#website"},"datePublished":"2024-11-25T08:57:50+00:00","dateModified":"2026-03-04T12:02:13+00:00","breadcrumb":{"@id":"https:\/\/roxresort.com\/da\/kontakt\/#breadcrumb"},"inLanguage":"da-DK","potentialAction":[{"@type":"ReadAction","target":["https:\/\/roxresort.com\/da\/kontakt\/"]}]},{"@type":"BreadcrumbList","@id":"https:\/\/roxresort.com\/da\/kontakt\/#breadcrumb","itemListElement":[{"@type":"ListItem","position":1,"name":"Home","item":"https:\/\/roxresort.com\/da\/"},{"@type":"ListItem","position":2,"name":"Kontakt Rox Resort | K\u00f8ge"}]},{"@type":"WebSite","@id":"https:\/\/roxresort.com\/da\/#website","url":"https:\/\/roxresort.com\/da\/","name":"Rox Resort\u00a9 | K\u00f8ge, Copenhagen","description":"","potentialAction":[{"@type":"SearchAction","target":{"@type":"EntryPoint","urlTemplate":"https:\/\/roxresort.com\/da\/?s={search_term_string}"},"query-input":{"@type":"PropertyValueSpecification","valueRequired":true,"valueName":"search_term_string"}}],"inLanguage":"da-DK"}]}},"_links":{"self":[{"href":"https:\/\/roxresort.com\/da\/wp-json\/wp\/v2\/pages\/1475","targetHints":{"allow":["GET"]}}],"collection":[{"href":"https:\/\/roxresort.com\/da\/wp-json\/wp\/v2\/pages"}],"about":[{"href":"https:\/\/roxresort.com\/da\/wp-json\/wp\/v2\/types\/page"}],"author":[{"embeddable":true,"href":"https:\/\/roxresort.com\/da\/wp-json\/wp\/v2\/users\/1"}],"replies":[{"embeddable":true,"href":"https:\/\/roxresort.com\/da\/wp-json\/wp\/v2\/comments?post=1475"}],"version-history":[{"count":15,"href":"https:\/\/roxresort.com\/da\/wp-json\/wp\/v2\/pages\/1475\/revisions"}],"predecessor-version":[{"id":6167,"href":"https:\/\/roxresort.com\/da\/wp-json\/wp\/v2\/pages\/1475\/revisions\/6167"}],"wp:attachment":[{"href":"https:\/\/roxresort.com\/da\/wp-json\/wp\/v2\/media?parent=1475"}],"curies":[{"name":"wp","href":"https:\/\/api.w.org\/{rel}","templated":true}]}}